{"id":39,"date":"2024-02-11T13:47:42","date_gmt":"2024-02-11T16:47:42","guid":{"rendered":"https:\/\/demosites.royal-elementor-addons.com\/shop-wooshop-v2\/?page_id=39"},"modified":"2024-07-01T22:30:01","modified_gmt":"2024-07-02T01:30:01","slug":"about","status":"publish","type":"page","link":"https:\/\/meuquintaldesuculentas.com.br\/index.php\/about\/","title":{"rendered":"About"},"content":{"rendered":"\t\t<div data-elementor-type=\"wp-page\" data-elementor-id=\"39\" class=\"elementor elementor-39\">\n\t\t\t\t<div class=\"elementor-element elementor-element-9f41aea e-flex e-con-boxed wpr-particle-no wpr-jarallax-no wpr-parallax-no wpr-sticky-section-no wpr-equal-height-no e-con e-parent\" data-id=\"9f41aea\" data-element_type=\"container\" data-e-type=\"container\">\n\t\t\t\t\t<div class=\"e-con-inner\">\n\t\t<div class=\"elementor-element elementor-element-b3f9c63 e-flex e-con-boxed wpr-particle-no wpr-jarallax-no wpr-parallax-no wpr-sticky-section-no wpr-equal-height-no e-con e-child\" data-id=\"b3f9c63\" data-element_type=\"container\" data-e-type=\"container\">\n\t\t\t\t\t<div class=\"e-con-inner\">\n\t\t\t\t<div class=\"elementor-element elementor-element-acde273 elementor-widget elementor-widget-image\" data-id=\"acde273\" data-element_type=\"widget\" data-e-type=\"widget\" data-widget_type=\"image.default\">\n\t\t\t\t<div class=\"elementor-widget-container\">\n\t\t\t\t\t\t\t\t\t\t\t\t\t\t\t<img fetchpriority=\"high\" decoding=\"async\" width=\"715\" height=\"900\" src=\"https:\/\/i0.wp.com\/meuquintaldesuculentas.com.br\/wp-content\/uploads\/2024\/02\/Design-sem-nome.png?fit=715%2C900&amp;ssl=1\" class=\"attachment-large size-large wp-image-843\" alt=\"\" srcset=\"https:\/\/i0.wp.com\/meuquintaldesuculentas.com.br\/wp-content\/uploads\/2024\/02\/Design-sem-nome.png?w=715&amp;ssl=1 715w, https:\/\/i0.wp.com\/meuquintaldesuculentas.com.br\/wp-content\/uploads\/2024\/02\/Design-sem-nome.png?resize=600%2C755&amp;ssl=1 600w, https:\/\/i0.wp.com\/meuquintaldesuculentas.com.br\/wp-content\/uploads\/2024\/02\/Design-sem-nome.png?resize=238%2C300&amp;ssl=1 238w\" sizes=\"(max-width: 715px) 100vw, 715px\" \/>\t\t\t\t\t\t\t\t\t\t\t\t\t\t\t<\/div>\n\t\t\t\t<\/div>\n\t\t\t\t\t<\/div>\n\t\t\t\t<\/div>\n\t\t<div class=\"elementor-element elementor-element-e463d92 e-flex e-con-boxed wpr-particle-no wpr-jarallax-no wpr-parallax-no wpr-sticky-section-no wpr-equal-height-no e-con e-child\" data-id=\"e463d92\" data-element_type=\"container\" data-e-type=\"container\">\n\t\t\t\t\t<div class=\"e-con-inner\">\n\t\t\t\t<div class=\"elementor-element elementor-element-ea9eef7 elementor-widget elementor-widget-heading\" data-id=\"ea9eef7\" data-element_type=\"widget\" data-e-type=\"widget\" data-widget_type=\"heading.default\">\n\t\t\t\t<div class=\"elementor-widget-container\">\n\t\t\t\t\t<h2 class=\"elementor-heading-title elementor-size-default\">Sobre n\u00f3s<\/h2>\t\t\t\t<\/div>\n\t\t\t\t<\/div>\n\t\t\t\t<div class=\"elementor-element elementor-element-8926171 elementor-widget elementor-widget-heading\" data-id=\"8926171\" data-element_type=\"widget\" data-e-type=\"widget\" data-widget_type=\"heading.default\">\n\t\t\t\t<div class=\"elementor-widget-container\">\n\t\t\t\t\t<h2 class=\"elementor-heading-title elementor-size-default\">Em nosso jardim, cada cacto e suculenta \u00e9 uma express\u00e3o de for\u00e7a e beleza, transformando a natureza em inspira\u00e7\u00e3o para espa\u00e7os vibrantes<\/h2>\t\t\t\t<\/div>\n\t\t\t\t<\/div>\n\t\t\t\t<div class=\"elementor-element elementor-element-e46ba48 elementor-widget elementor-widget-text-editor\" data-id=\"e46ba48\" data-element_type=\"widget\" data-e-type=\"widget\" data-widget_type=\"text-editor.default\">\n\t\t\t\t<div class=\"elementor-widget-container\">\n\t\t\t\t\t\t\t\t\t<p>Fundada em 2020 na cidade de Rio Claro, nossa empresa iniciou como um simples hobby, cultivando cactos e suculentas com paix\u00e3o. Com o tempo, o que come\u00e7ou como uma paix\u00e3o pessoal floresceu em uma loja especializada, tornando-se a maior refer\u00eancia na regi\u00e3o. Nossa trajet\u00f3ria \u00e9 marcada pelo compromisso com a qualidade, atendimento excepcional e um amor compartilhado por plantas exuberantes. Hoje, somos mais do que uma loja, somos uma comunidade dedicada a transformar espa\u00e7os com a beleza \u00fanica de nossas plantas, cultivando uma hist\u00f3ria que floresce a cada dia.<\/p>\t\t\t\t\t\t\t\t<\/div>\n\t\t\t\t<\/div>\n\t\t\t\t<div class=\"elementor-element elementor-element-7dd0f1d wpr-list-style-none elementor-widget elementor-widget-wpr-posts-timeline\" data-id=\"7dd0f1d\" data-element_type=\"widget\" data-e-type=\"widget\" data-settings=\"{&quot;animation_offset&quot;:150,&quot;aos_animation_duration&quot;:600}\" data-widget_type=\"wpr-posts-timeline.default\">\n\t\t\t\t<div class=\"elementor-widget-container\">\n\t\t\t\t\t\n\t\t<div class=\"wpr-wrapper wpr-vertical wpr-one-sided-wrapper\">\n\t\t\t<div class=\"wpr-timeline-centered wpr-line wpr-one-sided-timeline\"><div class=\"wpr-middle-line\"><\/div><div class=\"wpr-timeline-fill\" data-layout=\"one-sided\"><\/div><article class=\"wpr-timeline-entry wpr-right-aligned elementor-repeater-item-f99c16d\" data-item-id=\"elementor-repeater-item-f99c16d\"><time class=\"wpr-extra-label\" data-aos=\"fade\" data-aos-left=\"\" data-aos-right=\"\" data-animation-offset=\"150\" data-animation-duration=\"600\"><span class=\"wpr-label\">2020<\/span><\/time><div class=\"wpr-timeline-entry-inner\"><div class=\"wpr-main-line-icon wpr-icon\"><svg aria-hidden=\"true\" class=\"e-font-icon-svg e-fas-circle\" viewBox=\"0 0 512 512\" xmlns=\"http:\/\/www.w3.org\/2000\/svg\"><path d=\"M256 8C119 8 8 119 8 256s111 248 248 248 248-111 248-248S393 8 256 8z\"><\/path><\/svg><\/div><div class=\"wpr-story-info-vertical wpr-data-wrap \"  data-aos=\"fade\" data-aos-left=\"\" data-aos-right=\"\" data-animation-offset=\"150\" data-animation-duration=\"600\"><div class=\"wpr-timeline-content-wrapper\"><div class=\"wpr-content-wrapper\"><div class=\"wpr-title-wrap\"><span class=\"wpr-title\">Nasce Meu Quintal de Suculentas<\/span><\/div><div class=\"wpr-description\"><p>Nasce Meu Quintal de Suculentas, com duas estufas e muitos desafios.<\/p><\/div><\/div><\/div><\/div>\n\t\t\t\t\t\t<\/div>\n\t\t\t\t<\/article><article class=\"wpr-timeline-entry wpr-right-aligned elementor-repeater-item-7733eef\" data-item-id=\"elementor-repeater-item-7733eef\"><time class=\"wpr-extra-label\" data-aos=\"fade\" data-aos-left=\"\" data-aos-right=\"\" data-animation-offset=\"150\" data-animation-duration=\"600\"><span class=\"wpr-label\"> 2022<\/span><\/time><div class=\"wpr-timeline-entry-inner\"><div class=\"wpr-main-line-icon wpr-icon\"><svg aria-hidden=\"true\" class=\"e-font-icon-svg e-fas-circle\" viewBox=\"0 0 512 512\" xmlns=\"http:\/\/www.w3.org\/2000\/svg\"><path d=\"M256 8C119 8 8 119 8 256s111 248 248 248 248-111 248-248S393 8 256 8z\"><\/path><\/svg><\/div><div class=\"wpr-story-info-vertical wpr-data-wrap \"  data-aos=\"fade\" data-aos-left=\"\" data-aos-right=\"\" data-animation-offset=\"150\" data-animation-duration=\"600\"><div class=\"wpr-timeline-content-wrapper\"><div class=\"wpr-content-wrapper\"><div class=\"wpr-title-wrap\"><span class=\"wpr-title\">Amplia\u00e7\u00e3o<\/span><\/div><div class=\"wpr-description\"><p>Devido a necessidade de um espa\u00e7o dedicado para vendas, uma terceira estufa \u00e9 construida.<\/p><\/div><\/div><\/div><\/div>\n\t\t\t\t\t\t<\/div>\n\t\t\t\t<\/article><article class=\"wpr-timeline-entry wpr-right-aligned elementor-repeater-item-8d17f6a\" data-item-id=\"elementor-repeater-item-8d17f6a\"><time class=\"wpr-extra-label\" data-aos=\"fade\" data-aos-left=\"\" data-aos-right=\"\" data-animation-offset=\"150\" data-animation-duration=\"600\"><span class=\"wpr-label\">2024<\/span><\/time><div class=\"wpr-timeline-entry-inner\"><div class=\"wpr-main-line-icon wpr-icon\"><svg aria-hidden=\"true\" class=\"e-font-icon-svg e-fas-circle\" viewBox=\"0 0 512 512\" xmlns=\"http:\/\/www.w3.org\/2000\/svg\"><path d=\"M256 8C119 8 8 119 8 256s111 248 248 248 248-111 248-248S393 8 256 8z\"><\/path><\/svg><\/div><div class=\"wpr-story-info-vertical wpr-data-wrap \"  data-aos=\"fade\" data-aos-left=\"\" data-aos-right=\"\" data-animation-offset=\"150\" data-animation-duration=\"600\"><div class=\"wpr-timeline-content-wrapper\"><div class=\"wpr-content-wrapper\"><div class=\"wpr-title-wrap\"><span class=\"wpr-title\">Nosso Site<\/span><\/div><div class=\"wpr-description\"><p>A cria\u00e7\u00e3o de um site, busca incans\u00e1vel por novos mercados e clientes.\u00a0<\/p><\/div><\/div><\/div><\/div>\n\t\t\t\t\t\t<\/div>\n\t\t\t\t<\/article><\/div>    \n\t\t\t<\/div>\t\t\t\t<\/div>\n\t\t\t\t<\/div>\n\t\t\t\t<div class=\"elementor-element elementor-element-8cf6a6e elementor-widget elementor-widget-image\" data-id=\"8cf6a6e\" data-element_type=\"widget\" data-e-type=\"widget\" data-widget_type=\"image.default\">\n\t\t\t\t<div class=\"elementor-widget-container\">\n\t\t\t\t\t\t\t\t\t\t\t\t\t\t\t<img decoding=\"async\" width=\"758\" height=\"129\" src=\"https:\/\/i0.wp.com\/meuquintaldesuculentas.com.br\/wp-content\/uploads\/2024\/02\/Texto-do-seu-paragrafo.png?fit=758%2C129&amp;ssl=1\" class=\"attachment-full size-full wp-image-841\" alt=\"\" srcset=\"https:\/\/i0.wp.com\/meuquintaldesuculentas.com.br\/wp-content\/uploads\/2024\/02\/Texto-do-seu-paragrafo.png?w=758&amp;ssl=1 758w, https:\/\/i0.wp.com\/meuquintaldesuculentas.com.br\/wp-content\/uploads\/2024\/02\/Texto-do-seu-paragrafo.png?resize=600%2C102&amp;ssl=1 600w, https:\/\/i0.wp.com\/meuquintaldesuculentas.com.br\/wp-content\/uploads\/2024\/02\/Texto-do-seu-paragrafo.png?resize=300%2C51&amp;ssl=1 300w\" sizes=\"(max-width: 758px) 100vw, 758px\" \/>\t\t\t\t\t\t\t\t\t\t\t\t\t\t\t<\/div>\n\t\t\t\t<\/div>\n\t\t\t\t\t<\/div>\n\t\t\t\t<\/div>\n\t\t\t\t\t<\/div>\n\t\t\t\t<\/div>\n\t\t<div class=\"elementor-element elementor-element-849027d e-flex e-con-boxed wpr-particle-no wpr-jarallax-no wpr-parallax-no wpr-sticky-section-no wpr-equal-height-no e-con e-parent\" data-id=\"849027d\" data-element_type=\"container\" data-e-type=\"container\">\n\t\t\t\t\t<div class=\"e-con-inner\">\n\t\t<div class=\"elementor-element elementor-element-5239455 e-flex e-con-boxed wpr-particle-no wpr-jarallax-no wpr-parallax-no wpr-sticky-section-no wpr-equal-height-no e-con e-child\" data-id=\"5239455\" data-element_type=\"container\" data-e-type=\"container\">\n\t\t\t\t\t<div class=\"e-con-inner\">\n\t\t\t\t<div class=\"elementor-element elementor-element-d0cbdc9 elementor-widget elementor-widget-heading\" data-id=\"d0cbdc9\" data-element_type=\"widget\" data-e-type=\"widget\" data-widget_type=\"heading.default\">\n\t\t\t\t<div class=\"elementor-widget-container\">\n\t\t\t\t\t<h2 class=\"elementor-heading-title elementor-size-default\">Nosso Time<\/h2>\t\t\t\t<\/div>\n\t\t\t\t<\/div>\n\t\t\t\t<div class=\"elementor-element elementor-element-96ef718 elementor-widget elementor-widget-heading\" data-id=\"96ef718\" data-element_type=\"widget\" data-e-type=\"widget\" data-widget_type=\"heading.default\">\n\t\t\t\t<div class=\"elementor-widget-container\">\n\t\t\t\t\t<h2 class=\"elementor-heading-title elementor-size-default\">Pessoas por tr\u00e1s de nossa marca<\/h2>\t\t\t\t<\/div>\n\t\t\t\t<\/div>\n\t\t\t\t<div class=\"elementor-element elementor-element-fd1ee07 elementor-widget elementor-widget-text-editor\" data-id=\"fd1ee07\" data-element_type=\"widget\" data-e-type=\"widget\" data-widget_type=\"text-editor.default\">\n\t\t\t\t<div class=\"elementor-widget-container\">\n\t\t\t\t\t\t\t\t\t<p>Toda grande empresa precisa de um time&#8230;&#8230;Em breve o nosso estar\u00e1 completo.<\/p>\t\t\t\t\t\t\t\t<\/div>\n\t\t\t\t<\/div>\n\t\t\t\t\t<\/div>\n\t\t\t\t<\/div>\n\t\t<div class=\"elementor-element elementor-element-62e04bd e-flex e-con-boxed wpr-particle-no wpr-jarallax-no wpr-parallax-no wpr-sticky-section-no wpr-equal-height-no e-con e-child\" data-id=\"62e04bd\" data-element_type=\"container\" data-e-type=\"container\">\n\t\t\t\t\t<div class=\"e-con-inner\">\n\t\t<div class=\"elementor-element elementor-element-3b40067 e-flex e-con-boxed wpr-particle-no wpr-jarallax-no wpr-parallax-no wpr-sticky-section-no wpr-equal-height-no e-con e-child\" data-id=\"3b40067\" data-element_type=\"container\" data-e-type=\"container\">\n\t\t\t\t\t<div class=\"e-con-inner\">\n\t\t\t\t<div class=\"elementor-element elementor-element-e086d6a elementor-widget elementor-widget-wpr-team-member\" data-id=\"e086d6a\" data-element_type=\"widget\" data-e-type=\"widget\" data-widget_type=\"wpr-team-member.default\">\n\t\t\t\t<div class=\"elementor-widget-container\">\n\t\t\t\t\t\n\t<div class=\"wpr-team-member\">\n\t\t\t\t\t\n\t\t\t<div class=\"wpr-member-media\">\n\t\t\t\t<div class=\"wpr-member-image\">\n\t\t\t\t\t<img decoding=\"async\" src=\"https:\/\/i0.wp.com\/meuquintaldesuculentas.com.br\/wp-content\/uploads\/2024\/02\/sa.jpg?fit=493%2C586&#038;ssl=1\" alt=\"Sandra D Chiarinotti\">\n\t\t\t\t<\/div>\n\t\t\t\t\t\t\t<\/div>\n\t\t\t\t\n\t\t\n\t\t<div class=\"wpr-member-content\">\n\t\t\t<h3 class=\"wpr-member-name\">Sandra D Chiarinotti<\/h3>\n\t\t\t\n\t\t\t\t\t\t\t<div class=\"wpr-member-job\">Fundadora<\/div>\n\t\t\t\n\t\t\t\n\t\t\t\t\t\t\n\t\t\t\t\t<\/div>\n\n\t\t\t<\/div>\n\n\t\t\t\t\t<\/div>\n\t\t\t\t<\/div>\n\t\t\t\t\t<\/div>\n\t\t\t\t<\/div>\n\t\t<div class=\"elementor-element elementor-element-6b6eb79 e-flex e-con-boxed wpr-particle-no wpr-jarallax-no wpr-parallax-no wpr-sticky-section-no wpr-equal-height-no e-con e-child\" data-id=\"6b6eb79\" data-element_type=\"container\" data-e-type=\"container\">\n\t\t\t\t\t<div class=\"e-con-inner\">\n\t\t\t\t<div class=\"elementor-element elementor-element-d894fa0 elementor-widget elementor-widget-image\" data-id=\"d894fa0\" data-element_type=\"widget\" data-e-type=\"widget\" data-widget_type=\"image.default\">\n\t\t\t\t<div class=\"elementor-widget-container\">\n\t\t\t\t\t\t\t\t\t\t\t\t\t\t\t<img decoding=\"async\" width=\"512\" height=\"512\" src=\"https:\/\/i0.wp.com\/meuquintaldesuculentas.com.br\/wp-content\/uploads\/2024\/02\/cropped-MEU-QUINTAL-1-e1708790945228-1.jpg?fit=512%2C512&amp;ssl=1\" class=\"attachment-large size-large wp-image-1110\" alt=\"\" srcset=\"https:\/\/i0.wp.com\/meuquintaldesuculentas.com.br\/wp-content\/uploads\/2024\/02\/cropped-MEU-QUINTAL-1-e1708790945228-1.jpg?w=512&amp;ssl=1 512w, https:\/\/i0.wp.com\/meuquintaldesuculentas.com.br\/wp-content\/uploads\/2024\/02\/cropped-MEU-QUINTAL-1-e1708790945228-1.jpg?resize=300%2C300&amp;ssl=1 300w, https:\/\/i0.wp.com\/meuquintaldesuculentas.com.br\/wp-content\/uploads\/2024\/02\/cropped-MEU-QUINTAL-1-e1708790945228-1.jpg?resize=150%2C150&amp;ssl=1 150w, https:\/\/i0.wp.com\/meuquintaldesuculentas.com.br\/wp-content\/uploads\/2024\/02\/cropped-MEU-QUINTAL-1-e1708790945228-1.jpg?resize=100%2C100&amp;ssl=1 100w, https:\/\/i0.wp.com\/meuquintaldesuculentas.com.br\/wp-content\/uploads\/2024\/02\/cropped-MEU-QUINTAL-1-e1708790945228-1.jpg?resize=270%2C270&amp;ssl=1 270w, https:\/\/i0.wp.com\/meuquintaldesuculentas.com.br\/wp-content\/uploads\/2024\/02\/cropped-MEU-QUINTAL-1-e1708790945228-1.jpg?resize=192%2C192&amp;ssl=1 192w, https:\/\/i0.wp.com\/meuquintaldesuculentas.com.br\/wp-content\/uploads\/2024\/02\/cropped-MEU-QUINTAL-1-e1708790945228-1.jpg?resize=180%2C180&amp;ssl=1 180w, https:\/\/i0.wp.com\/meuquintaldesuculentas.com.br\/wp-content\/uploads\/2024\/02\/cropped-MEU-QUINTAL-1-e1708790945228-1.jpg?resize=32%2C32&amp;ssl=1 32w\" sizes=\"(max-width: 512px) 100vw, 512px\" \/>\t\t\t\t\t\t\t\t\t\t\t\t\t\t\t<\/div>\n\t\t\t\t<\/div>\n\t\t\t\t\t<\/div>\n\t\t\t\t<\/div>\n\t\t<div class=\"elementor-element elementor-element-d9696d8 e-flex e-con-boxed wpr-particle-no wpr-jarallax-no wpr-parallax-no wpr-sticky-section-no wpr-equal-height-no e-con e-child\" data-id=\"d9696d8\" data-element_type=\"container\" data-e-type=\"container\">\n\t\t\t\t\t<div class=\"e-con-inner\">\n\t\t\t\t<div class=\"elementor-element elementor-element-877ff83 elementor-widget elementor-widget-image\" data-id=\"877ff83\" data-element_type=\"widget\" data-e-type=\"widget\" data-widget_type=\"image.default\">\n\t\t\t\t<div class=\"elementor-widget-container\">\n\t\t\t\t\t\t\t\t\t\t\t\t\t\t\t<img loading=\"lazy\" decoding=\"async\" width=\"800\" height=\"800\" src=\"https:\/\/i0.wp.com\/meuquintaldesuculentas.com.br\/wp-content\/uploads\/2024\/02\/MEU-QUINTAL-1-e1708790945228.jpg?fit=800%2C800&amp;ssl=1\" class=\"attachment-large size-large wp-image-727\" alt=\"\" srcset=\"https:\/\/i0.wp.com\/meuquintaldesuculentas.com.br\/wp-content\/uploads\/2024\/02\/MEU-QUINTAL-1-e1708790945228.jpg?w=800&amp;ssl=1 800w, https:\/\/i0.wp.com\/meuquintaldesuculentas.com.br\/wp-content\/uploads\/2024\/02\/MEU-QUINTAL-1-e1708790945228.jpg?resize=300%2C300&amp;ssl=1 300w, https:\/\/i0.wp.com\/meuquintaldesuculentas.com.br\/wp-content\/uploads\/2024\/02\/MEU-QUINTAL-1-e1708790945228.jpg?resize=100%2C100&amp;ssl=1 100w, https:\/\/i0.wp.com\/meuquintaldesuculentas.com.br\/wp-content\/uploads\/2024\/02\/MEU-QUINTAL-1-e1708790945228.jpg?resize=600%2C600&amp;ssl=1 600w\" sizes=\"(max-width: 800px) 100vw, 800px\" \/>\t\t\t\t\t\t\t\t\t\t\t\t\t\t\t<\/div>\n\t\t\t\t<\/div>\n\t\t\t\t\t<\/div>\n\t\t\t\t<\/div>\n\t\t<div class=\"elementor-element elementor-element-29a4f00 e-flex e-con-boxed wpr-particle-no wpr-jarallax-no wpr-parallax-no wpr-sticky-section-no wpr-equal-height-no e-con e-child\" data-id=\"29a4f00\" data-element_type=\"container\" data-e-type=\"container\">\n\t\t\t\t\t<div class=\"e-con-inner\">\n\t\t\t\t<div class=\"elementor-element elementor-element-bb4e7a6 elementor-widget elementor-widget-image\" data-id=\"bb4e7a6\" data-element_type=\"widget\" data-e-type=\"widget\" data-widget_type=\"image.default\">\n\t\t\t\t<div class=\"elementor-widget-container\">\n\t\t\t\t\t\t\t\t\t\t\t\t\t\t\t<img loading=\"lazy\" decoding=\"async\" width=\"800\" height=\"800\" src=\"https:\/\/i0.wp.com\/meuquintaldesuculentas.com.br\/wp-content\/uploads\/2024\/02\/MEU-QUINTAL-1-e1708790945228.jpg?fit=800%2C800&amp;ssl=1\" class=\"attachment-large size-large wp-image-727\" alt=\"\" srcset=\"https:\/\/i0.wp.com\/meuquintaldesuculentas.com.br\/wp-content\/uploads\/2024\/02\/MEU-QUINTAL-1-e1708790945228.jpg?w=800&amp;ssl=1 800w, https:\/\/i0.wp.com\/meuquintaldesuculentas.com.br\/wp-content\/uploads\/2024\/02\/MEU-QUINTAL-1-e1708790945228.jpg?resize=300%2C300&amp;ssl=1 300w, https:\/\/i0.wp.com\/meuquintaldesuculentas.com.br\/wp-content\/uploads\/2024\/02\/MEU-QUINTAL-1-e1708790945228.jpg?resize=100%2C100&amp;ssl=1 100w, https:\/\/i0.wp.com\/meuquintaldesuculentas.com.br\/wp-content\/uploads\/2024\/02\/MEU-QUINTAL-1-e1708790945228.jpg?resize=600%2C600&amp;ssl=1 600w\" sizes=\"(max-width: 800px) 100vw, 800px\" \/>\t\t\t\t\t\t\t\t\t\t\t\t\t\t\t<\/div>\n\t\t\t\t<\/div>\n\t\t\t\t\t<\/div>\n\t\t\t\t<\/div>\n\t\t<div class=\"elementor-element elementor-element-86a5b6d e-flex e-con-boxed wpr-particle-no wpr-jarallax-no wpr-parallax-no wpr-sticky-section-no wpr-equal-height-no e-con e-child\" data-id=\"86a5b6d\" data-element_type=\"container\" data-e-type=\"container\">\n\t\t\t\t\t<div class=\"e-con-inner\">\n\t\t\t\t<div class=\"elementor-element elementor-element-1a56752 elementor-widget elementor-widget-image\" data-id=\"1a56752\" data-element_type=\"widget\" data-e-type=\"widget\" data-widget_type=\"image.default\">\n\t\t\t\t<div class=\"elementor-widget-container\">\n\t\t\t\t\t\t\t\t\t\t\t\t\t\t\t<img loading=\"lazy\" decoding=\"async\" width=\"800\" height=\"800\" src=\"https:\/\/i0.wp.com\/meuquintaldesuculentas.com.br\/wp-content\/uploads\/2024\/02\/MEU-QUINTAL-1-e1708790945228.jpg?fit=800%2C800&amp;ssl=1\" class=\"attachment-large size-large wp-image-727\" alt=\"\" srcset=\"https:\/\/i0.wp.com\/meuquintaldesuculentas.com.br\/wp-content\/uploads\/2024\/02\/MEU-QUINTAL-1-e1708790945228.jpg?w=800&amp;ssl=1 800w, https:\/\/i0.wp.com\/meuquintaldesuculentas.com.br\/wp-content\/uploads\/2024\/02\/MEU-QUINTAL-1-e1708790945228.jpg?resize=300%2C300&amp;ssl=1 300w, https:\/\/i0.wp.com\/meuquintaldesuculentas.com.br\/wp-content\/uploads\/2024\/02\/MEU-QUINTAL-1-e1708790945228.jpg?resize=100%2C100&amp;ssl=1 100w, https:\/\/i0.wp.com\/meuquintaldesuculentas.com.br\/wp-content\/uploads\/2024\/02\/MEU-QUINTAL-1-e1708790945228.jpg?resize=600%2C600&amp;ssl=1 600w\" sizes=\"(max-width: 800px) 100vw, 800px\" \/>\t\t\t\t\t\t\t\t\t\t\t\t\t\t\t<\/div>\n\t\t\t\t<\/div>\n\t\t\t\t\t<\/div>\n\t\t\t\t<\/div>\n\t\t\t\t\t<\/div>\n\t\t\t\t<\/div>\n\t\t\t\t\t<\/div>\n\t\t\t\t<\/div>\n\t\t\t\t<\/div>\n\t\t","protected":false},"excerpt":{"rendered":"<p>Sobre n\u00f3s Em nosso jardim, cada cacto e suculenta \u00e9 uma express\u00e3o de for\u00e7a e beleza, transformando a natureza em inspira\u00e7\u00e3o para espa\u00e7os vibrantes Fundada em 2020 na cidade de Rio Claro, nossa empresa iniciou como um simples hobby, cultivando cactos e suculentas com paix\u00e3o. Com o tempo, o que come\u00e7ou como uma paix\u00e3o pessoal floresceu em uma loja especializada, tornando-se a maior refer\u00eancia na regi\u00e3o. Nossa trajet\u00f3ria \u00e9 marcada pelo compromisso com a qualidade, atendimento excepcional e um amor compartilhado por plantas exuberantes. Hoje, somos mais do que uma loja, somos uma comunidade dedicada a transformar espa\u00e7os com a beleza \u00fanica de nossas plantas, cultivando uma hist\u00f3ria que floresce a cada dia. 2020 Nasce Meu Quintal de Suculentas Nasce Meu Quintal de Suculentas, com duas estufas e muitos desafios. 2022 Amplia\u00e7\u00e3o Devido a necessidade de um espa\u00e7o dedicado para vendas, uma terceira estufa \u00e9 construida. 2024 Nosso Site A cria\u00e7\u00e3o de um site, busca incans\u00e1vel por novos mercados e clientes.\u00a0 Nosso Time Pessoas por tr\u00e1s de nossa marca Toda grande empresa precisa de um time&#8230;&#8230;Em breve o nosso estar\u00e1 completo. Sandra D Chiarinotti Fundadora<\/p>\n","protected":false},"author":1,"featured_media":0,"parent":0,"menu_order":0,"comment_status":"closed","ping_status":"closed","template":"elementor_canvas","meta":{"advanced_seo_description":"","jetpack_seo_html_title":"","jetpack_seo_noindex":false,"footnotes":""},"class_list":["post-39","page","type-page","status-publish","hentry"],"jetpack_sharing_enabled":true,"_links":{"self":[{"href":"https:\/\/meuquintaldesuculentas.com.br\/index.php\/wp-json\/wp\/v2\/pages\/39","targetHints":{"allow":["GET"]}}],"collection":[{"href":"https:\/\/meuquintaldesuculentas.com.br\/index.php\/wp-json\/wp\/v2\/pages"}],"about":[{"href":"https:\/\/meuquintaldesuculentas.com.br\/index.php\/wp-json\/wp\/v2\/types\/page"}],"author":[{"embeddable":true,"href":"https:\/\/meuquintaldesuculentas.com.br\/index.php\/wp-json\/wp\/v2\/users\/1"}],"replies":[{"embeddable":true,"href":"https:\/\/meuquintaldesuculentas.com.br\/index.php\/wp-json\/wp\/v2\/comments?post=39"}],"version-history":[{"count":27,"href":"https:\/\/meuquintaldesuculentas.com.br\/index.php\/wp-json\/wp\/v2\/pages\/39\/revisions"}],"predecessor-version":[{"id":1805,"href":"https:\/\/meuquintaldesuculentas.com.br\/index.php\/wp-json\/wp\/v2\/pages\/39\/revisions\/1805"}],"wp:attachment":[{"href":"https:\/\/meuquintaldesuculentas.com.br\/index.php\/wp-json\/wp\/v2\/media?parent=39"}],"curies":[{"name":"wp","href":"https:\/\/api.w.org\/{rel}","templated":true}]}}