{"id":462,"date":"2024-02-12T20:24:59","date_gmt":"2024-02-12T23:24:59","guid":{"rendered":"https:\/\/demosites.royal-elementor-addons.com\/shop-wooshop-v2\/?page_id=462"},"modified":"2024-03-13T21:01:28","modified_gmt":"2024-03-14T00:01:28","slug":"cart-shop-wooshop-v2","status":"publish","type":"page","link":"https:\/\/meuquintaldesuculentas.com.br\/index.php\/cart-shop-wooshop-v2\/","title":{"rendered":"Cart"},"content":{"rendered":"\t\t<div data-elementor-type=\"wp-page\" data-elementor-id=\"462\" class=\"elementor elementor-462\">\n\t\t\t\t\t\t<section class=\"elementor-section elementor-top-section elementor-element elementor-element-827c93f elementor-section-boxed elementor-section-height-default elementor-section-height-default wpr-particle-no wpr-jarallax-no wpr-parallax-no wpr-sticky-section-no wpr-equal-height-no\" data-id=\"827c93f\" data-element_type=\"section\" data-e-type=\"section\">\n\t\t\t\t\t\t<div class=\"elementor-container elementor-column-gap-default\">\n\t\t\t\t\t<div class=\"elementor-column elementor-col-100 elementor-top-column elementor-element elementor-element-0bfa52e\" data-id=\"0bfa52e\" data-element_type=\"column\" data-e-type=\"column\">\n\t\t\t<div class=\"elementor-widget-wrap elementor-element-populated\">\n\t\t\t\t\t\t<div class=\"elementor-element elementor-element-9b23302 elementor-widget elementor-widget-heading\" data-id=\"9b23302\" data-element_type=\"widget\" data-e-type=\"widget\" data-widget_type=\"heading.default\">\n\t\t\t\t<div class=\"elementor-widget-container\">\n\t\t\t\t\t<h2 class=\"elementor-heading-title elementor-size-default\">Carrinho<\/h2>\t\t\t\t<\/div>\n\t\t\t\t<\/div>\n\t\t\t\t<div class=\"elementor-element elementor-element-2da8537 elementor-widget elementor-widget-text-editor\" data-id=\"2da8537\" data-element_type=\"widget\" data-e-type=\"widget\" data-widget_type=\"text-editor.default\">\n\t\t\t\t<div class=\"elementor-widget-container\">\n\t\t\t\t\t\t\t\t\t<p>Verifique sua lista de compras<\/p>\t\t\t\t\t\t\t\t<\/div>\n\t\t\t\t<\/div>\n\t\t\t\t\t<\/div>\n\t\t<\/div>\n\t\t\t\t\t<\/div>\n\t\t<\/section>\n\t\t\t\t<\/div>\n\t\t","protected":false},"excerpt":{"rendered":"<p>Carrinho Verifique sua lista de compras Cliente correspondeu \u00e0 \u00e1rea &#8220;Locais n\u00e3o cobertos por suas outras \u00e1reas&#8221; &nbsp; Produto &nbsp; Pre\u00e7o Quantidade Subtotal &times; Byonce_Pote#09 &#82;&#36;&nbsp;200,00 Byonce_Pote#09 quantidade &#82;&#36;&nbsp;200,00 Tudo Certo Aplicar Cupom Total do carrinho Subtotal &#82;&#36;&nbsp;200,00 Entrega Azul Ecommerce (Melhor Envio) (7 a 8 dias \u00fateis): &#82;&#36;&nbsp;27,03 Entrega para Rua 15 &#8211; de 1784\/1785 a 2426\/2427, Rio Claro, S\u00e3o Paulo, 14000-000. Mudar endere\u00e7o C\u00f3digo postal \/ CEP: Calcular Total &#82;&#36;&nbsp;227,03 Finalizar Pedido<\/p>\n","protected":false},"author":1,"featured_media":0,"parent":0,"menu_order":0,"comment_status":"closed","ping_status":"closed","template":"elementor_canvas","meta":{"advanced_seo_description":"","jetpack_seo_html_title":"","jetpack_seo_noindex":false,"footnotes":""},"class_list":["post-462","page","type-page","status-publish","hentry"],"jetpack_sharing_enabled":true,"_links":{"self":[{"href":"https:\/\/meuquintaldesuculentas.com.br\/index.php\/wp-json\/wp\/v2\/pages\/462","targetHints":{"allow":["GET"]}}],"collection":[{"href":"https:\/\/meuquintaldesuculentas.com.br\/index.php\/wp-json\/wp\/v2\/pages"}],"about":[{"href":"https:\/\/meuquintaldesuculentas.com.br\/index.php\/wp-json\/wp\/v2\/types\/page"}],"author":[{"embeddable":true,"href":"https:\/\/meuquintaldesuculentas.com.br\/index.php\/wp-json\/wp\/v2\/users\/1"}],"replies":[{"embeddable":true,"href":"https:\/\/meuquintaldesuculentas.com.br\/index.php\/wp-json\/wp\/v2\/comments?post=462"}],"version-history":[{"count":27,"href":"https:\/\/meuquintaldesuculentas.com.br\/index.php\/wp-json\/wp\/v2\/pages\/462\/revisions"}],"predecessor-version":[{"id":1256,"href":"https:\/\/meuquintaldesuculentas.com.br\/index.php\/wp-json\/wp\/v2\/pages\/462\/revisions\/1256"}],"wp:attachment":[{"href":"https:\/\/meuquintaldesuculentas.com.br\/index.php\/wp-json\/wp\/v2\/media?parent=462"}],"curies":[{"name":"wp","href":"https:\/\/api.w.org\/{rel}","templated":true}]}}