{"id":1601,"date":"2024-06-11T21:48:15","date_gmt":"2024-06-12T00:48:15","guid":{"rendered":"https:\/\/meuquintaldesuculentas.com.br\/?post_type=product&#038;p=1601"},"modified":"2024-06-11T21:48:15","modified_gmt":"2024-06-12T00:48:15","slug":"terra-diatomaceas","status":"publish","type":"product","link":"https:\/\/meuquintaldesuculentas.com.br\/index.php\/produto\/terra-diatomaceas\/","title":{"rendered":"Terra Diatom\u00e1ceas"},"content":{"rendered":"<p>Terra de Diatom\u00e1ceas<\/p>\n<p>&#8211; Inseticida natural e ecol\u00f3gico para horta e jardim!<\/p>\n<p>De onde vem?<\/p>\n<p>Terra diatom\u00e1cea, diatomita ou kieselgur \u00e9 uma rocha sedimentar siliciosa que ocorre naturalmente e pode ser desintegrada em um p\u00f3 branco a esbranqui\u00e7ado fino.<br \/>\nResulta da fossiliza\u00e7\u00e3o das algas unicelulares revestidas com uma camada de s\u00edlica.<\/p>\n<p>Para que serve?<\/p>\n<p>&#8211; Fertiliza\u00e7\u00e3o do cultivo: as terras diatom\u00e1ceas fornecem micronutrientes ao solo como f\u00f3sforo, nitrog\u00eanio e pot\u00e1ssio. Ajudam a melhorar o solo. \u00c9 o aditivo que complementa os adubos convencionais.<\/p>\n<p>&#8211; Controle de pragas: \u00e9 um eficaz inseticida e biocida, muito utilizado para controlar as pragas nos cultivos j\u00e1 afetados. Insetos como: o pulg\u00e3o, a cochonilha, o \u00e1caro-vermelho, a mosca-branca, carac\u00f3is, lesmas, formigas, nem\u00e1todos e lagartas.<\/p>\n<p>&#8211; Propriedade refletora: A prote\u00e7\u00e3o contra o sol e as temperaturas elevadas. Quando se pulveriza um pouco de terra de diatom\u00e1ceas na planta, esta cria uma camada fina que reflete a luz do sol.<\/p>\n<p>&#8211; Desparasita\u00e7\u00e3o de animais: Para afastar as carra\u00e7as ou pulgas que atacam os animais dom\u00e9sticos.<br \/>\n&#8211; Previne doen\u00e7as: a terra de diatom\u00e1ceas evita estas doen\u00e7as gra\u00e7as \u00e0s suas propriedades fungicidas.<\/p>\n<p>Como usar?<\/p>\n<p>Aplica\u00e7\u00e3o em seco<\/p>\n<p>&#8211; Deve-se pulverizar o produto sobre as plantas afetadas, o que gera uma pel\u00edcula que atuar\u00e1 de forma preventiva. A dose que se deve utilizar \u00e9 uma mistura de substrato com diatom\u00e1ceas em propor\u00e7\u00e3o de 40 ou 50 gramas por cada metro quadrado.<\/p>\n<p>Aplica\u00e7\u00e3o \u00famida<\/p>\n<p>&#8211; Para aplica\u00e7\u00e3o em spray, diluir 100g de p\u00f3 em 10 litros de \u00e1gua (aproximadamente 1 colher de sopa por litro). Encher um pulverizador e aplicar de modo uniforme pelas folhas ou em toda a planta e frutos.<\/p>\n","protected":false},"excerpt":{"rendered":"<p>Terra de Diatom\u00e1ceas<\/p>\n<p>&#8211; Inseticida natural e ecol\u00f3gico para horta e jardim!<\/p>\n<p>De onde vem?<\/p>\n<p>Terra diatom\u00e1cea, diatomita ou kieselgur \u00e9 uma rocha sedimentar siliciosa que ocorre naturalmente e pode ser desintegrada em um p\u00f3 branco a esbranqui\u00e7ado fino.<br \/>\nResulta da fossiliza\u00e7\u00e3o das algas unicelulares revestidas com uma camada de s\u00edlica.<\/p>\n<p>Para que serve?<\/p>\n<p>&#8211; Fertiliza\u00e7\u00e3o do cultivo: as terras diatom\u00e1ceas fornecem micronutrientes ao solo como f\u00f3sforo, nitrog\u00eanio e pot\u00e1ssio. Ajudam a melhorar o solo. \u00c9 o aditivo que complementa os adubos convencionais.<\/p>\n<p>&#8211; Controle de pragas: \u00e9 um eficaz inseticida e biocida, muito utilizado para controlar as pragas nos cultivos j\u00e1 afetados. Insetos como: o pulg\u00e3o, a cochonilha, o \u00e1caro-vermelho, a mosca-branca, carac\u00f3is, lesmas, formigas, nem\u00e1todos e lagartas.<\/p>\n<p>&#8211; Propriedade refletora: A prote\u00e7\u00e3o contra o sol e as temperaturas elevadas. Quando se pulveriza um pouco de terra de diatom\u00e1ceas na planta, esta cria uma camada fina que reflete a luz do sol.<\/p>\n<p>&#8211; Desparasita\u00e7\u00e3o de animais: Para afastar as carra\u00e7as ou pulgas que atacam os animais dom\u00e9sticos.<br \/>\n&#8211; Previne doen\u00e7as: a terra de diatom\u00e1ceas evita estas doen\u00e7as gra\u00e7as \u00e0s suas propriedades fungicidas.<\/p>\n<p>Como usar?<\/p>\n<p>Aplica\u00e7\u00e3o em seco<\/p>\n<p>&#8211; Deve-se pulverizar o produto sobre as plantas afetadas, o que gera uma pel\u00edcula que atuar\u00e1 de forma preventiva. A dose que se deve utilizar \u00e9 uma mistura de substrato com diatom\u00e1ceas em propor\u00e7\u00e3o de 40 ou 50 gramas por cada metro quadrado.<\/p>\n<p>Aplica\u00e7\u00e3o \u00famida<\/p>\n<p>&#8211; Para aplica\u00e7\u00e3o em spray, diluir 100g de p\u00f3 em 10 litros de \u00e1gua (aproximadamente 1 colher de sopa por litro). Encher um pulverizador e aplicar de modo uniforme pelas folhas ou em toda a planta e frutos.<\/p>\n","protected":false},"featured_media":1602,"comment_status":"open","ping_status":"closed","template":"","meta":{"advanced_seo_description":"","jetpack_seo_html_title":"","jetpack_seo_noindex":false,"jetpack_publicize_message":"","jetpack_publicize_feature_enabled":true,"jetpack_social_post_already_shared":false,"jetpack_social_options":{"image_generator_settings":{"template":"highway","default_image_id":0,"font":"","enabled":false},"version":2}},"product_brand":[],"product_cat":[28],"product_tag":[],"class_list":{"0":"post-1601","1":"product","2":"type-product","3":"status-publish","4":"has-post-thumbnail","6":"product_cat-acessorios","8":"first","9":"instock","10":"taxable","11":"shipping-taxable","12":"purchasable","13":"product-type-simple"},"jetpack_publicize_connections":[],"jetpack_sharing_enabled":true,"_links":{"self":[{"href":"https:\/\/meuquintaldesuculentas.com.br\/index.php\/wp-json\/wp\/v2\/product\/1601","targetHints":{"allow":["GET"]}}],"collection":[{"href":"https:\/\/meuquintaldesuculentas.com.br\/index.php\/wp-json\/wp\/v2\/product"}],"about":[{"href":"https:\/\/meuquintaldesuculentas.com.br\/index.php\/wp-json\/wp\/v2\/types\/product"}],"replies":[{"embeddable":true,"href":"https:\/\/meuquintaldesuculentas.com.br\/index.php\/wp-json\/wp\/v2\/comments?post=1601"}],"wp:featuredmedia":[{"embeddable":true,"href":"https:\/\/meuquintaldesuculentas.com.br\/index.php\/wp-json\/wp\/v2\/media\/1602"}],"wp:attachment":[{"href":"https:\/\/meuquintaldesuculentas.com.br\/index.php\/wp-json\/wp\/v2\/media?parent=1601"}],"wp:term":[{"taxonomy":"product_brand","embeddable":true,"href":"https:\/\/meuquintaldesuculentas.com.br\/index.php\/wp-json\/wp\/v2\/product_brand?post=1601"},{"taxonomy":"product_cat","embeddable":true,"href":"https:\/\/meuquintaldesuculentas.com.br\/index.php\/wp-json\/wp\/v2\/product_cat?post=1601"},{"taxonomy":"product_tag","embeddable":true,"href":"https:\/\/meuquintaldesuculentas.com.br\/index.php\/wp-json\/wp\/v2\/product_tag?post=1601"}],"curies":[{"name":"wp","href":"https:\/\/api.w.org\/{rel}","templated":true}]}}